{"id":4741,"date":"2019-03-13T13:38:16","date_gmt":"2019-03-13T13:38:16","guid":{"rendered":"http:\/\/x-lab.com\/?page_id=4741"},"modified":"2025-12-18T11:52:46","modified_gmt":"2025-12-18T11:52:46","slug":"04_kontakt","status":"publish","type":"page","link":"https:\/\/x-labarch.com\/?page_id=4741&lang=de","title":{"rendered":"Kontakt"},"content":{"rendered":"<div class=\"two_columns_50_50 clearfix\">\n<div class=\"column1\"><div class=\"column_inner\">\n<\/div><\/div>\n<div class=\"column2\"><div class=\"column_inner\">\n<h4><\/h4>\n<\/div><\/div>\n<\/div>\n<div class=\"two_columns_50_50 clearfix\">\n<div class=\"column1\"><div class=\"column_inner\">\n<p><strong>Deutschland <\/strong><\/p>\n<p>X-Lab<br \/>\nArchitecture &amp; Consulting<br \/>\n(LAS)<\/p>\n<p>Hohenstaufenstr.\u00a05<br \/>\n80801\u00a0M\u00fcnchen<br \/>\nPhone:\u00a0+49.89.215.549.16<\/p>\n<p>info@x-labarch.com<br \/>\ninfo@la-s.eu<\/p>\n<\/div><\/div>\n<div class=\"column2\"><div class=\"column_inner\">\n<\/div><\/div>\n<p><strong>USA<\/strong><\/p>\n<p>X-Lab<br \/>\nArchitecture LLC<\/p>\n<p>2525 Ponce de Leon #300,<br \/>\nMiami, Coral Gables, FL 33134<br \/>\nPhone: +1.786.671.2095<\/p>\n<p>info@x-labarch.com<\/p>\n<\/div>\n<div style=\"margin-top:30px;margin-bottom:25px;\" class=\"separator\"><\/div>\n<p><strong>Impressum<\/strong><br \/>\nDiensteanbieter gem\u00e4\u00df \u00a7 5 Telemediengesetz (TMG):<\/p>\n<p>X-Lab<br \/>\nArchitecture LLC<br \/>\n2525 Ponce de Leon #300,<br \/>\nMiami, Coral Gables, FL 33134<\/p>\n<p>Gesch\u00e4ftsf\u00fchrer:<br \/>\nArchitekt Dipl.-Ing. Christian Lehnen<\/p>\n<p>Gesch\u00e4ftsadresse M\u00fcnchen:<br \/>\nHohenstaufenstr. 5<br \/>\n80801\u00a0M\u00fcnchen<\/p>\n<p>Mitglied Architektenkammer Bayern:<br \/>\nWaisenhausstra\u00dfe 4, 80637 M\u00fcnchen<br \/>\nMitgliedsnummer: 189723<\/p>\n<p>Mitglied Architektenkammer Florida DBPR<br \/>\nMitgliedsnummer: AR104197<\/p>\n<p>Berufsbezeichnung:<br \/>\nFreier Architekt<\/p>\n<p>Inhaltlich verantwortlich gem\u00e4\u00df \u00a76 Teledienstgesetz (TDG):<br \/>\nDipl.-Ing. Christian Lehnen<\/p>\n<p>Haftungshinweis:<br \/>\nTrotz sorgf\u00e4ltiger inhaltlicher Kontrolle \u00fcbernehmen wir keine Haftung f\u00fcr die Inhalte externer Links. F\u00fcr den Inhalt der verlinkten Seiten sind ausschlie\u00dflich deren Betreiber verantwortlich.<br \/>\n<div style=\"height:1px;\" class=\"separator\"><\/div>\n","protected":false},"excerpt":{"rendered":"<p>Impressum Diensteanbieter gem\u00e4\u00df \u00a7 5 Telemediengesetz (TMG): X-Lab Architecture LLC 2525 Ponce de Leon #300, Miami, Coral Gables, FL 33134 Gesch\u00e4ftsf\u00fchrer: Architekt Dipl.-Ing. Christian Lehnen Gesch\u00e4ftsadresse M\u00fcnchen: Hohenstaufenstr. 5 80801\u00a0M\u00fcnchen Mitglied Architektenkammer Bayern: Waisenhausstra\u00dfe 4, 80637 M\u00fcnchen Mitgliedsnummer: 189723 Mitglied Architektenkammer Florida DBPR Mitgliedsnummer: AR104197&#8230;<\/p>\n","protected":false},"author":1,"featured_media":0,"parent":0,"menu_order":0,"comment_status":"open","ping_status":"open","template":"","meta":{"footnotes":""},"class_list":["post-4741","page","type-page","status-publish","hentry"],"_links":{"self":[{"href":"https:\/\/x-labarch.com\/index.php?rest_route=\/wp\/v2\/pages\/4741"}],"collection":[{"href":"https:\/\/x-labarch.com\/index.php?rest_route=\/wp\/v2\/pages"}],"about":[{"href":"https:\/\/x-labarch.com\/index.php?rest_route=\/wp\/v2\/types\/page"}],"author":[{"embeddable":true,"href":"https:\/\/x-labarch.com\/index.php?rest_route=\/wp\/v2\/users\/1"}],"replies":[{"embeddable":true,"href":"https:\/\/x-labarch.com\/index.php?rest_route=%2Fwp%2Fv2%2Fcomments&post=4741"}],"version-history":[{"count":36,"href":"https:\/\/x-labarch.com\/index.php?rest_route=\/wp\/v2\/pages\/4741\/revisions"}],"predecessor-version":[{"id":5679,"href":"https:\/\/x-labarch.com\/index.php?rest_route=\/wp\/v2\/pages\/4741\/revisions\/5679"}],"wp:attachment":[{"href":"https:\/\/x-labarch.com\/index.php?rest_route=%2Fwp%2Fv2%2Fmedia&parent=4741"}],"curies":[{"name":"wp","href":"https:\/\/api.w.org\/{rel}","templated":true}]}}