{"id":4204,"date":"2016-09-07T10:08:27","date_gmt":"2016-09-07T10:08:27","guid":{"rendered":"http:\/\/lehnen-schorer.com\/?page_id=4204"},"modified":"2026-04-10T12:02:11","modified_gmt":"2026-04-10T12:02:11","slug":"02_uber_uns","status":"publish","type":"page","link":"https:\/\/x-labarch.com\/?page_id=4204&lang=de","title":{"rendered":"\u00dcber Uns"},"content":{"rendered":"<section class='parallax'> <section style=\"background-image:url(https:\/\/x-labarch.com\/wp-content\/uploads\/2024\/10\/dummy_Sheikh-Zayed-Road_1200px.jpg); background-color:;\" data-height=\"400\"><div class=\"parallax_content\">\n<\/div><\/section>\n<section style=\"background-image:url(); background-color:#252525;\" data-height=\"220\"><div class=\"parallax_content\">\n<h2><span style=\"color: #e6e6e6;\">\u00dcBER UNS<\/span><\/h2>\n<div class=\"two_columns_50_50 clearfix\">\n<div class=\"column1\"><div class=\"column_inner\">\n<p><span style=\"color: #d1d1d1;\">X-Lab besteht aus einem Team von kreativen Denkern, talentierten Designern und erfahrenen Architekten. X-Lab arbeitet an den Schnittstellen von Lean Architecture und Projektentwicklung. Unsere Architektur basiert dabei auf Funktionalit\u00e4t mit klaren Linien und einem hohen \u00e4sthetischen Anspruch. Jedes Projekt startet mit einem innovativen L\u00f6sungsansatz sowie dem weitreichenden Erfahrungsschatzes unserer vorherigen Projekte.<\/span><\/p>\n<\/div><\/div>\n<div class=\"column2\"><div class=\"column_inner\">\n<p><span style=\"color: #d1d1d1;\">Daher werden alle Projekte als\u00a0individuelle\u00a0Kreationen betrachtet, wodurch wir uns stets weiterentwickeln k\u00f6nnen.Unsere systematische Herangehensweise an Design, Nachhaltigkeit und neue Materialien, sowie die Kostenkontrolle und ein professionelles Projektmanagement sind Kern unseres Planungsprozesses. Ein wichtiger Bestandteil unserer Arbeit ist die Kommunikation mit dem Bauherren und das Verstehen seiner Bed\u00fcrfnisse und Visionen.<\/span><\/p>\n<\/div><\/div>\n<\/div>\n<\/div><\/section>\n<section style=\"background-image:url(https:\/\/x-labarch.com\/wp-content\/uploads\/2024\/10\/dummy_muenic_1200px.jpg); background-color:;\" data-height=\"300\"><div class=\"parallax_content\">\n<\/div><\/section>\n<section style=\"background-image:url(); background-color:#252525;\" data-height=\"400\"><div class=\"parallax_content\">\n<h2><span style=\"color: #e6e6e6;\">DIRECTOR<\/span><\/h2>\n<div class=\"two_columns_33_66 clearfix\">\n<div class=\"column1\"><div class=\"column_inner\">\n<a href=\"https:\/\/x-labarch.com\/wp-content\/uploads\/2026\/04\/chris1_portrait.png\"><img loading=\"lazy\" decoding=\"async\" class=\"aligncenter wp-image-5706 \" src=\"https:\/\/x-labarch.com\/wp-content\/uploads\/2026\/04\/chris1_portrait.png\" alt=\"\" width=\"307\" height=\"307\" srcset=\"https:\/\/x-labarch.com\/wp-content\/uploads\/2026\/04\/chris1_portrait.png 928w, https:\/\/x-labarch.com\/wp-content\/uploads\/2026\/04\/chris1_portrait-300x300.png 300w, https:\/\/x-labarch.com\/wp-content\/uploads\/2026\/04\/chris1_portrait-150x150.png 150w, https:\/\/x-labarch.com\/wp-content\/uploads\/2026\/04\/chris1_portrait-768x768.png 768w, https:\/\/x-labarch.com\/wp-content\/uploads\/2026\/04\/chris1_portrait-220x220.png 220w, https:\/\/x-labarch.com\/wp-content\/uploads\/2026\/04\/chris1_portrait-250x250.png 250w, https:\/\/x-labarch.com\/wp-content\/uploads\/2026\/04\/chris1_portrait-338x338.png 338w\" sizes=\"(max-width: 307px) 100vw, 307px\" \/><\/a><br \/>\n<\/div><\/div>\n<div class=\"column2\"><div class=\"column_inner\">\n<h4><span style=\"color: #e6e6e6;\">Christian Lehnen, Architekt\u00a0<\/span><\/h4>\n<p><span style=\"color: #d1d1d1;\">Dipl.-Ing. Christian Lehnen ist freier Architekt mit \u00fcber 25 Jahren internationaler Berufserfahrung. Zu seinem Portfolio geh\u00f6ren Wohn- und Gesch\u00e4ftst\u00fcrme, Krankenh\u00e4user und Mixed-Use Projekte mit einem Bauvolumen bis zu 2.8 Milliarden US$ Dollar.<br \/>\nVor der Gr\u00fcndung von X-Lab ( ehemals LAS) war Herr Lehnen als Projektleiter f\u00fcr renommierte nationale und internationale Planungsb\u00fcros t\u00e4tig. Dort hatte er Projekte verschiedenster Gr\u00f6\u00dfenordnungen durch alle Leistungsphasen geleitet und federf\u00fchrend geplant.<br \/>\nHerr Lehnen studierte Architektur an der Politechnico di Milano und an der TU Berlin, wo er auch sein Diplom erhielt.<br \/>\nEr ist eingetragener\u00a0Architekt\u00a0in Deutschland und den USA, sowie zertifiziertes Mitglied des National Council of Architectural Registration Board (NCARB) in Washington DC und des American Institute of Architects, AIA.<br \/>\nSeine Berufserfahrungen und technisches Know-how deckt alle konstruktiven Bereiche zur Umsetzung im Bau ab.\u00a0\u00a0<\/span><span style=\"color: #6e6e6e;\"><span style=\"color: #d1d1d1;\">Als Schadensgutachter war\u00a0Herr Lehnen f\u00fcr\u00a0die Allianz, sowie als Wertgutachter f\u00fcr Insolvenzverwalter im Rahmen mehrere Insolvenzverfahren aktiv.<\/span><br \/>\n<\/span><br \/>\n<\/div><\/div>\n<\/div>\n<\/div><\/section>\n<section style=\"background-image:url(https:\/\/x-labarch.com\/wp-content\/uploads\/2024\/10\/dummy_Sheikh-Zayed-Road_1200px.jpg); background-color:;\" data-height=\"400\"><div class=\"parallax_content\">\n<\/div><\/section>\n<section style=\"background-image:url(); background-color:#252525;\" data-height=\"400\"><div class=\"parallax_content\">\n<h2><span style=\"color: #e6e6e6;\">DIRECTOR<\/span><\/h2>\n<div class=\"two_columns_33_66 clearfix\">\n<div class=\"column1\"><div class=\"column_inner\">\n<a href=\"https:\/\/x-labarch.com\/wp-content\/uploads\/2025\/06\/Thierry-2025.jpg\"><img loading=\"lazy\" decoding=\"async\" class=\"aligncenter wp-image-5497 size-full\" src=\"https:\/\/x-labarch.com\/wp-content\/uploads\/2025\/06\/Thierry-2025.jpg\" alt=\"\" width=\"300\" height=\"300\" \/><\/a><br \/>\n<\/div><\/div>\n<div class=\"column2\"><div class=\"column_inner\">\n<h4><span style=\"color: #e6e6e6;\">Thierry<span style=\"color: #262626;\">_<\/span><\/span><span style=\"color: #e6e6e6;\"><span style=\"color: #e6e6e6;\">Paret, Architekt<\/span><\/span><\/h4>\n<p><span style=\"color: #6e6e6e;\"><span style=\"color: #d1d1d1;\">Thierry_Paret, FAIA verf\u00fcgt \u00fcber 30 Jahre Berufserfahrung als Architekt, die er w\u00e4hrend seiner T\u00e4tigkeit f\u00fcr f\u00fchrende B\u00fcros in den USA, dem Nahen Osten und Irland sammeln konnte. Er hat an Wohn- und Gewerbebau sowie institutionellen und pharmazeutischen Projekten gearbeitet. Dar\u00fcber hinaus war er sowohl Finalist als auch Gewinner mehrerer internationaler Wettbewerbe. Thierry war von 2017 bis 2019 Pr\u00e4sident des American Institute of Architects, AIA International Region, dem alle Mitglieder angeh\u00f6ren, die au\u00dferhalb der USA arbeiten und wohnen.<\/span><br \/>\n<span style=\"color: #d1d1d1;\">Thierry wurde 2014 zum AIA College of Fellows ernannt, der h\u00f6chsten Auszeichnung, die die AIA ihren Mitgliedern verleiht. Er ist ein eingetragener Architekt in New York, Nevada, Gro\u00dfbritannien und Irland. Thierry ist NCARB sowie LEED AP zertifiziert. Er bietet ein breites Spektrum an anspruchsvoller Architekturleistung mit starkem Fokus auf Konstruierbarkeit und korrekte Ausf\u00fchrung vor Ort. Durch seine langj\u00e4hrige T\u00e4tigkeit als Architekt, hat er die Erfahrung die zu einer reibungslosen Planung und Steuerung von Projekten notwendig ist und zum anderen das Verst\u00e4ndnis der Bed\u00fcrfnisse und Visionen der Bauherren. Seine disziplinierte und verantwortungsbewusste Arbeitsweise ist dabei stets Garant f\u00fcr ein erfolgreiches Projekt gewesen.<\/span><br \/>\n<\/span><br \/>\n<\/div><\/div>\n<\/div>\n<\/div><\/section>\n<section style=\"background-image:url(https:\/\/x-labarch.com\/wp-content\/uploads\/2024\/10\/dummy_Sheikh-Zayed-Road_1200px.jpg); background-color:;\" data-height=\"300\"><div class=\"parallax_content\">\n<\/div><\/section>\n<section style=\"background-image:url(); background-color:#252525;\" data-height=\"300\"><div class=\"parallax_content\">\n<div class=\"two_columns_66_33 clearfix\">\n<div class=\"column1\"><div class=\"column_inner\">\n<h2><span style=\"color: #e6e6e6;\">UNSERE LEISTUNGSBEREICHE<\/span><\/h2>\n<div class=\"column2\"><div class=\"column_inner\">\n<\/div><\/div>\n<div class=\"two_columns_66_33 clearfix\"><\/div>\n<div class=\"column1\"><div class=\"column_inner\"><\/div><\/div>\n<p><span style=\"color: #d1d1d1;\">Bei uns erhalten Sie professionellen Service in allen Phasen Ihres pers\u00f6nlichen Bauvorhabens.<br \/>\nIn unserer Arbeit entwickeln wir eine Symbiose aus Kunst und Technologie &#8211; Form und Funktion \u2013 \u00c4sthetik und Effizienz, die auf die Bed\u00fcrfnisse unserer Kunden zugeschnitten ist. Hierbei werden stets neuste Erkenntnisse aus der Bauindustrie in den Planungsprozess einbezogen.<\/span><\/p>\n<p><span style=\"color: #d1d1d1;\">Architektur und bauliche Umsetzung sind gepr\u00e4gt von komplexen Zusammenh\u00e4ngen, baubeh\u00f6rdlichen und bautechnischen Regularien, dem Wunsch nach Individualit\u00e4t, aber auch nach der Verwendung von kosteng\u00fcnstigen Standardl\u00f6sungen und dem wachsenden Anspruch an Nachhaltigkeit im Bau.<\/span><\/p>\n<p><span style=\"color: #6e6e6e;\"><span style=\"color: #d1d1d1;\">Diesen Anforderungen stellen wir uns, mit dem Ziel R\u00e4ume zu schaffen, die bedarfsgerecht sind und das Leben der Bewohner sowie das Wohl der Gesellschaft dabei positiv ver\u00e4ndern.<\/span><br \/>\n<span style=\"color: #d1d1d1;\">Wir verstehen uns als \u201eklassischer Architekt\u201c, der das komplette Projektspektrum von der ersten Machbarkeitsstudie bis hin zur Baukoordination verantwortlich f\u00fchrt.<\/span><br \/>\n<\/div><\/div>\n<div class=\"column2\"><div class=\"column_inner\"><\/span><\/p>\n<div style=\"margin-left: 50px;\">\n<p><span style=\"color: #e6e6e6;\">LEISTUNGEN<\/span><\/p>\n<div class='list square'>\n<ul>\n<li><span style=\"color: #d1d1d1;\">Architektenleistung gem. HOAI<\/span><\/li>\n<li><span style=\"color: #d1d1d1;\">Innenarchitektenleistung gem. HOAI<\/span><\/li>\n<li><span style=\"color: #d1d1d1;\">Projektentwicklung und Koordination<\/span><\/li>\n<li><span style=\"color: #d1d1d1;\">Projektsteuerung<\/span><\/li>\n<li><span style=\"color: #d1d1d1;\">Schadensgutachten<\/span><\/li>\n<li><span style=\"color: #d1d1d1;\">\u00d6kologisches Bauen<\/span><\/li>\n<\/ul>\n<\/div>\n<\/div>\n<\/div><\/div>\n<\/div>\n<\/div><\/section>\n<div class='parallax_bottom'><a class='back_to_top' href='#'>&nbsp<\/a><\/div><\/section>\n","protected":false},"excerpt":{"rendered":"","protected":false},"author":1,"featured_media":0,"parent":0,"menu_order":0,"comment_status":"open","ping_status":"open","template":"","meta":{"footnotes":""},"class_list":["post-4204","page","type-page","status-publish","hentry"],"_links":{"self":[{"href":"https:\/\/x-labarch.com\/index.php?rest_route=\/wp\/v2\/pages\/4204"}],"collection":[{"href":"https:\/\/x-labarch.com\/index.php?rest_route=\/wp\/v2\/pages"}],"about":[{"href":"https:\/\/x-labarch.com\/index.php?rest_route=\/wp\/v2\/types\/page"}],"author":[{"embeddable":true,"href":"https:\/\/x-labarch.com\/index.php?rest_route=\/wp\/v2\/users\/1"}],"replies":[{"embeddable":true,"href":"https:\/\/x-labarch.com\/index.php?rest_route=%2Fwp%2Fv2%2Fcomments&post=4204"}],"version-history":[{"count":161,"href":"https:\/\/x-labarch.com\/index.php?rest_route=\/wp\/v2\/pages\/4204\/revisions"}],"predecessor-version":[{"id":5711,"href":"https:\/\/x-labarch.com\/index.php?rest_route=\/wp\/v2\/pages\/4204\/revisions\/5711"}],"wp:attachment":[{"href":"https:\/\/x-labarch.com\/index.php?rest_route=%2Fwp%2Fv2%2Fmedia&parent=4204"}],"curies":[{"name":"wp","href":"https:\/\/api.w.org\/{rel}","templated":true}]}}